{"id":154,"date":"2021-03-26T22:02:45","date_gmt":"2021-03-26T21:02:45","guid":{"rendered":"https:\/\/cafcapire.unical.it\/?page_id=154"},"modified":"2021-03-26T22:02:45","modified_gmt":"2021-03-26T21:02:45","slug":"prof-emmanuel-jovelin","status":"publish","type":"page","link":"https:\/\/cafcapire.unical.it\/?page_id=154","title":{"rendered":"Prof. Emmanuel Jovelin"},"content":{"rendered":"\n<p>Prof. Emmanuel Jovelin: Le ph\u00e9nom\u00e8ne migratoire en France: migrations anciennes et probl\u00e8mes nouveaux. Parte prima 19 marzo 2021<br><a href=\"https:\/\/youtu.be\/DCjc5GD2Kys\" data-type=\"URL\" target=\"_blank\" rel=\"noreferrer noopener\">Parte prima<\/a><br><a href=\"https:\/\/youtu.be\/uku8yAyPW_c\" data-type=\"URL\" target=\"_blank\" rel=\"noreferrer noopener\">Parte seconda<\/a> <br><a href=\"https:\/\/youtu.be\/u8sPvvRzyzU\" data-type=\"URL\" target=\"_blank\" rel=\"noreferrer noopener\">Parte terza<\/a><\/p>\n\n\n\n<p><br><br><\/p>\n\n\n\n<p>Prof. Emmanuel Jovelin: Le ph\u00e9nom\u00e8ne migratoire en France: migrations anciennes et probl\u00e8mes nouveaux. Parte seconda 20 marzo 2021<br><a rel=\"noreferrer noopener\" href=\"https:\/\/youtu.be\/dLpvFQMRu0k\" data-type=\"URL\" target=\"_blank\">Parte prima<\/a><br><a rel=\"noreferrer noopener\" href=\"https:\/\/youtu.be\/TPPQao6ystk\" data-type=\"URL\" target=\"_blank\">Parte seconda<\/a><\/p>\n","protected":false},"excerpt":{"rendered":"<p>Prof. Emmanuel Jovelin: Le ph\u00e9nom\u00e8ne migratoire en France: migrations anciennes et probl\u00e8mes nouveaux. Parte prima 19 marzo 2021Parte primaParte seconda Parte terza Prof. Emmanuel Jovelin: Le ph\u00e9nom\u00e8ne migratoire en France: migrations anciennes et probl\u00e8mes nouveaux. Parte seconda 20 marzo 2021Parte primaParte seconda<\/p>\n","protected":false},"author":2,"featured_media":0,"parent":107,"menu_order":3,"comment_status":"closed","ping_status":"closed","template":"","meta":{"pgc_meta":"","footnotes":""},"class_list":["post-154","page","type-page","status-publish","hentry","entry"],"pgc_meta":"","_links":{"self":[{"href":"https:\/\/cafcapire.unical.it\/index.php?rest_route=\/wp\/v2\/pages\/154","targetHints":{"allow":["GET"]}}],"collection":[{"href":"https:\/\/cafcapire.unical.it\/index.php?rest_route=\/wp\/v2\/pages"}],"about":[{"href":"https:\/\/cafcapire.unical.it\/index.php?rest_route=\/wp\/v2\/types\/page"}],"author":[{"embeddable":true,"href":"https:\/\/cafcapire.unical.it\/index.php?rest_route=\/wp\/v2\/users\/2"}],"replies":[{"embeddable":true,"href":"https:\/\/cafcapire.unical.it\/index.php?rest_route=%2Fwp%2Fv2%2Fcomments&post=154"}],"version-history":[{"count":1,"href":"https:\/\/cafcapire.unical.it\/index.php?rest_route=\/wp\/v2\/pages\/154\/revisions"}],"predecessor-version":[{"id":155,"href":"https:\/\/cafcapire.unical.it\/index.php?rest_route=\/wp\/v2\/pages\/154\/revisions\/155"}],"up":[{"embeddable":true,"href":"https:\/\/cafcapire.unical.it\/index.php?rest_route=\/wp\/v2\/pages\/107"}],"wp:attachment":[{"href":"https:\/\/cafcapire.unical.it\/index.php?rest_route=%2Fwp%2Fv2%2Fmedia&parent=154"}],"curies":[{"name":"wp","href":"https:\/\/api.w.org\/{rel}","templated":true}]}}